{"id":7678,"date":"2022-09-08T13:35:35","date_gmt":"2022-09-08T11:35:35","guid":{"rendered":"https:\/\/delacroix.good-ideas.be\/ons-team\/benoit-timmerman\/"},"modified":"2025-01-12T22:13:43","modified_gmt":"2025-01-12T21:13:43","slug":"benoit-timmerman","status":"publish","type":"page","link":"https:\/\/www.delacroix.law\/nl\/ons-team\/benoit-timmerman\/","title":{"rendered":"Beno\u00eet Timmerman"},"content":{"rendered":"\t\t<div data-elementor-type=\"wp-page\" data-elementor-id=\"7678\" class=\"elementor elementor-7678 elementor-5306\" data-elementor-post-type=\"page\">\n\t\t\t\t\t\t<section class=\"elementor-section elementor-top-section elementor-element elementor-element-0fbb83a elementor-section-boxed elementor-section-height-default elementor-section-height-default\" data-id=\"0fbb83a\" data-element_type=\"section\">\n\t\t\t\t\t\t<div class=\"elementor-container elementor-column-gap-default\">\n\t\t\t\t\t<div class=\"elementor-column elementor-col-50 elementor-top-column elementor-element elementor-element-52c6f2a\" data-id=\"52c6f2a\" data-element_type=\"column\">\n\t\t\t<div class=\"elementor-widget-wrap elementor-element-populated\">\n\t\t\t\t\t\t<div class=\"elementor-element elementor-element-0a27d86 elementor-widget elementor-widget-ld_fancy_image\" data-id=\"0a27d86\" data-element_type=\"widget\" data-widget_type=\"ld_fancy_image.default\">\n\t\t\t\t<div class=\"elementor-widget-container\">\n\t\t\t\t\t\n\t\t<div class=\"lqd-imggrp-single d-block pos-rel \">\n\t\t\t<div class=\"lqd-imggrp-img-container d-inline-flex pos-rel align-items-center justify-content-center \">\n\t\t\t\t\t\t\t\t<figure class=\"w-100 pos-rel\">\n\t\t\t\t\t<img fetchpriority=\"high\" decoding=\"async\" width=\"640\" height=\"426\" src=\"https:\/\/www.delacroix.law\/wp-content\/uploads\/2022\/09\/LOWKPZ_3262.jpeg\" class=\"attachment-full size-full wp-image-5315\" alt=\"\" srcset=\"https:\/\/www.delacroix.law\/wp-content\/uploads\/2022\/09\/LOWKPZ_3262.jpeg 640w, https:\/\/www.delacroix.law\/wp-content\/uploads\/2022\/09\/LOWKPZ_3262-300x200.jpeg 300w\" sizes=\"(max-width: 640px) 100vw, 640px\" itemprop=\"image\" \/>\t\t\t\t\t\t\t\t\t\t\t\t\t\t\t\t\t\t\t\t\t\t\t\t\t\t\t\t\t<\/figure>\n\t\t\t<\/div>\n\t\t<\/div>\n\n\t\t\t\t\t<\/div>\n\t\t\t\t<\/div>\n\t\t\t\t<div class=\"elementor-element elementor-element-52f0860 elementor-widget elementor-widget-hub_fancy_heading\" data-id=\"52f0860\" data-element_type=\"widget\" data-widget_type=\"hub_fancy_heading.default\">\n\t\t\t\t<div class=\"elementor-widget-container\">\n\t\t\t\t\t\n\t\t<div id=\"ld-fancy-heading-69f528634c1c7\" class=\"ld-fancy-heading pos-rel\">\n\t\t\t<h2 class=\"ld-fh-element d-inline-block pos-rel  elementor-heading-title lqd-highlight-classic lqd-highlight-grow-left h2\"  > Beno\u00eet Timmerman<\/h2>\t\t<\/div>\n\n\t\t\t\t\t\t<\/div>\n\t\t\t\t<\/div>\n\t\t\t\t<div class=\"elementor-element elementor-element-314cf1d elementor-widget elementor-widget-hub_fancy_heading\" data-id=\"314cf1d\" data-element_type=\"widget\" data-widget_type=\"hub_fancy_heading.default\">\n\t\t\t\t<div class=\"elementor-widget-container\">\n\t\t\t\t\t\n\t\t<div id=\"ld-fancy-heading-69f528634c765\" class=\"ld-fancy-heading pos-rel\">\n\t\t\t<p class=\"ld-fh-element d-inline-block pos-rel  lqd-highlight-classic lqd-highlight-grow-left p\"  > Beno\u00eet wordt door zijn cli\u00ebnten geraadpleegd in domeinen zoals <b>handelsrecht<\/b>, <b>woning-en handels huurovereenkomsten<\/b>, <b>omroerend recht<\/b>, <b>burgerlijke aansprakelijkheid<\/b>, <b>verzekeringen en verkeersrecht<\/b>.\n\nHij is vlot tweetalig en handelt procedures zowel in het nederlands als in het frans af.<\/p>\t\t<\/div>\n\n\t\t\t\t\t\t<\/div>\n\t\t\t\t<\/div>\n\t\t\t\t<div class=\"elementor-element elementor-element-092565e elementor-widget elementor-widget-spacer\" data-id=\"092565e\" data-element_type=\"widget\" data-widget_type=\"spacer.default\">\n\t\t\t\t<div class=\"elementor-widget-container\">\n\t\t\t\t\t\t\t<div class=\"elementor-spacer\">\n\t\t\t<div class=\"elementor-spacer-inner\"><\/div>\n\t\t<\/div>\n\t\t\t\t\t\t<\/div>\n\t\t\t\t<\/div>\n\t\t\t\t<div class=\"elementor-element elementor-element-b704ae0 elementor-widget elementor-widget-ld_tabs\" data-id=\"b704ae0\" data-element_type=\"widget\" data-widget_type=\"ld_tabs.default\">\n\t\t\t\t<div class=\"elementor-widget-container\">\n\t\t\t\t\t\t\t<div class=\"lqd-tabs lqd-tabs-style-3 lqd-tabs-nav-iconbox lqd-tabs-nav-items-not-expanded  b704ae0 lqd-nav-underline-\" data-tabs-options=\"{&quot;trigger&quot;:&quot;click&quot;}\">\n\n\t\t\t<nav class=\"lqd-tabs-nav-wrap mb-5\">\n\t\t\t\t<ul class=\"reset-ul lqd-tabs-nav d-flex align-items-center justify-content-md-start pos-rel\" role=\"tablist\"><li data-controls=\"lqd-tab-1911\" role=\"presentation\" class=\"elementor-repeater-item-a77983d active text-center\"><a class=\"d-block\" href=\"#lqd-tab-1911\" data-bs-target=\"#lqd-tab-1911\" aria-expanded=\"false\" aria-controls=\"lqd-tab-1911\" role=\"tab\" data-toggle=\"tab\" data-bs-toggle=\"tab\"><span class=\"lqd-tabs-nav-icon d-block\"><span class=\"lqd-tabs-nav-icon-icon d-block\"><i aria-hidden=\"true\" class=\"fas fa-university\"><\/i><\/span><span class=\"lqd-tabs-nav-content d-block\"><span class=\"d-block pos-rel h3 mt-0 mb-0\">cursus<\/span><\/span><\/span><span class=\"lqd-tabs-nav-progress\"><span class=\"lqd-tabs-nav-progress-inner\"><\/span><\/span><\/a><\/li><li data-controls=\"lqd-tab-1912\" role=\"presentation\" class=\"elementor-repeater-item-6d13b95 text-center\"><a class=\"d-block\" href=\"#lqd-tab-1912\" data-bs-target=\"#lqd-tab-1912\" aria-expanded=\"false\" aria-controls=\"lqd-tab-1912\" role=\"tab\" data-toggle=\"tab\" data-bs-toggle=\"tab\"><span class=\"lqd-tabs-nav-icon d-block\"><span class=\"lqd-tabs-nav-icon-icon d-block\"><i aria-hidden=\"true\" class=\"lqd-icn-ess icon-speech-bubble\"><\/i><\/span><span class=\"lqd-tabs-nav-content d-block\"><span class=\"d-block pos-rel h3 mt-0 mb-0\">Talen<\/span><\/span><\/span><span class=\"lqd-tabs-nav-progress\"><span class=\"lqd-tabs-nav-progress-inner\"><\/span><\/span><\/a><\/li><li data-controls=\"lqd-tab-1913\" role=\"presentation\" class=\"elementor-repeater-item-d1e36b4 text-center\"><a class=\"d-block\" href=\"#lqd-tab-1913\" data-bs-target=\"#lqd-tab-1913\" aria-expanded=\"false\" aria-controls=\"lqd-tab-1913\" role=\"tab\" data-toggle=\"tab\" data-bs-toggle=\"tab\"><span class=\"lqd-tabs-nav-icon d-block\"><span class=\"lqd-tabs-nav-icon-icon d-block\"><i aria-hidden=\"true\" class=\"fas fa-glasses\"><\/i><\/span><span class=\"lqd-tabs-nav-content d-block\"><span class=\"d-block pos-rel h3 mt-0 mb-0\">Expertise<\/span><\/span><\/span><span class=\"lqd-tabs-nav-progress\"><span class=\"lqd-tabs-nav-progress-inner\"><\/span><\/span><\/a><\/li><\/ul>\t\t\t\t\t\t\t<\/nav>\n\n\t\t\t<div class=\"lqd-tabs-content pos-rel\"><div id=\"lqd-tab-1911\" role=\"tabpanel\" class=\"lqd-tabs-pane fade active in\"><p>Vennoot bij Delacroix &amp; Partners sinds 1998<\/p><p>Lid van de Brusselse balie sinds 1986<\/p><p><strong>Zee- en rivierrecht, zeeverzekeringen<\/strong><br \/>Universitaire Faculteiten Sint-Ignatius Antwerpen (1986)<\/p><p><strong>Licenciaat in de rechten<\/strong><br \/>Katholieke Universiteit Leuven (1986)<\/p><p><strong>Kandidaat in de rechten<\/strong><br \/>Universitaire Faculteiten Sint-Ignatius Antwerpen (1983)<\/p><p><strong>Middelbaar onderwijs<\/strong><br \/>Onze-Lieve-Vrouwecollege Antwerpen (1981)<\/p> <\/div><div id=\"lqd-tab-1912\" role=\"tabpanel\" class=\"lqd-tabs-pane fade\"><div class=\"ld-fancy-heading ld_fancy_heading_60c301a38f735\"><p>Nederlands<br \/>Frans<br \/>Engels<\/p><\/div> <\/div><div id=\"lqd-tab-1913\" role=\"tabpanel\" class=\"lqd-tabs-pane fade\"><p>Burgerlijke aansprakelijkheid en verzekeringen<br \/>Commercieel recht<br \/>Onroerend goed en bouwrecht<br \/>Vervoersrecht<\/p> <\/div><\/div>\n\t\t<\/div>\n\t\t\t\t\t<\/div>\n\t\t\t\t<\/div>\n\t\t\t\t\t<\/div>\n\t\t<\/div>\n\t\t\t\t<div class=\"lqd-css-sticky-column elementor-column elementor-col-50 elementor-top-column elementor-element elementor-element-112f008\" style=\"--lqd-sticky-offset:20px\" data-id=\"112f008\" data-element_type=\"column\">\n\t\t\t<div class=\"elementor-widget-wrap elementor-element-populated\">\n\t\t\t\t\t\t<section class=\"elementor-section elementor-inner-section elementor-element elementor-element-b4d131d elementor-section-boxed elementor-section-height-default elementor-section-height-default\" data-id=\"b4d131d\" data-element_type=\"section\" data-settings=\"{&quot;background_background&quot;:&quot;classic&quot;}\">\n\t\t\t\t\t\t<div class=\"elementor-container elementor-column-gap-default\">\n\t\t\t\t\t<div class=\"elementor-column elementor-col-100 elementor-inner-column elementor-element elementor-element-7f49ea2\" data-id=\"7f49ea2\" data-element_type=\"column\">\n\t\t\t<div class=\"elementor-widget-wrap elementor-element-populated\">\n\t\t\t\t\t\t<div class=\"elementor-element elementor-element-dd1b205 elementor-widget elementor-widget-hub_fancy_heading\" data-id=\"dd1b205\" data-element_type=\"widget\" data-widget_type=\"hub_fancy_heading.default\">\n\t\t\t\t<div class=\"elementor-widget-container\">\n\t\t\t\t\t\n\t\t<div id=\"ld-fancy-heading-69f5286353629\" class=\"ld-fancy-heading pos-rel\">\n\t\t\t<h6 class=\"ld-fh-element d-inline-block pos-rel  elementor-heading-title lqd-highlight-classic lqd-highlight-grow-left h6\"  > Stuur een bericht<\/h6>\t\t<\/div>\n\n\t\t\t\t\t\t<\/div>\n\t\t\t\t<\/div>\n\t\t\t\t<div class=\"elementor-element elementor-element-c4bf24e elementor-widget elementor-widget-hub_fancy_heading\" data-id=\"c4bf24e\" data-element_type=\"widget\" data-widget_type=\"hub_fancy_heading.default\">\n\t\t\t\t<div class=\"elementor-widget-container\">\n\t\t\t\t\t\n\t\t<div id=\"ld-fancy-heading-69f5286353a40\" class=\"ld-fancy-heading pos-rel\">\n\t\t\t<h3 class=\"ld-fh-element d-inline-block pos-rel  elementor-heading-title lqd-highlight-classic lqd-highlight-grow-left h3\"  > Contacteer ons<\/h3>\t\t<\/div>\n\n\t\t\t\t\t\t<\/div>\n\t\t\t\t<\/div>\n\t\t\t\t\t<\/div>\n\t\t<\/div>\n\t\t\t\t\t<\/div>\n\t\t<\/section>\n\t\t\t\t<div class=\"elementor-element elementor-element-21f6589 elementor-button-align-stretch elementor-widget elementor-widget-form\" data-id=\"21f6589\" data-element_type=\"widget\" data-settings=\"{&quot;step_next_label&quot;:&quot;Suivant&quot;,&quot;step_previous_label&quot;:&quot;Pr\\u00e9c\\u00e9dent&quot;,&quot;button_width&quot;:&quot;100&quot;,&quot;step_type&quot;:&quot;number_text&quot;,&quot;step_icon_shape&quot;:&quot;circle&quot;}\" data-widget_type=\"form.default\">\n\t\t\t\t<div class=\"elementor-widget-container\">\n\t\t\t\t\t\t\t<form class=\"elementor-form\" method=\"post\" name=\"Formulaire de contact TEAM\" aria-label=\"Formulaire de contact TEAM\">\n\t\t\t<input type=\"hidden\" name=\"post_id\" value=\"7678\"\/>\n\t\t\t<input type=\"hidden\" name=\"form_id\" value=\"21f6589\"\/>\n\t\t\t<input type=\"hidden\" name=\"referer_title\" value=\"\" \/>\n\n\t\t\t\n\t\t\t<div class=\"elementor-form-fields-wrapper elementor-labels-\">\n\t\t\t\t\t\t\t\t<div class=\"elementor-field-type-text elementor-field-group elementor-column elementor-field-group-nom elementor-col-100 elementor-field-required\">\n\t\t\t\t\t\t\t\t\t\t\t\t<label for=\"form-field-nom\" class=\"elementor-field-label elementor-screen-only\">\n\t\t\t\t\t\t\t\tNom\t\t\t\t\t\t\t<\/label>\n\t\t\t\t\t\t\t\t\t\t\t\t\t\t<input size=\"1\" type=\"text\" name=\"form_fields[nom]\" id=\"form-field-nom\" class=\"elementor-field elementor-size-xs  elementor-field-textual\" placeholder=\"Uw naam\" required=\"required\">\n\t\t\t\t\t\t\t\t\t\t\t<\/div>\n\t\t\t\t\t\t\t\t<div class=\"elementor-field-type-text elementor-field-group elementor-column elementor-field-group-prenom elementor-col-100 elementor-field-required\">\n\t\t\t\t\t\t\t\t\t\t\t\t<label for=\"form-field-prenom\" class=\"elementor-field-label elementor-screen-only\">\n\t\t\t\t\t\t\t\tPr\u00e9nom\t\t\t\t\t\t\t<\/label>\n\t\t\t\t\t\t\t\t\t\t\t\t\t\t<input size=\"1\" type=\"text\" name=\"form_fields[prenom]\" id=\"form-field-prenom\" class=\"elementor-field elementor-size-xs  elementor-field-textual\" placeholder=\"Uw voornaam\" required=\"required\">\n\t\t\t\t\t\t\t\t\t\t\t<\/div>\n\t\t\t\t\t\t\t\t<div class=\"elementor-field-type-email elementor-field-group elementor-column elementor-field-group-email elementor-col-100 elementor-field-required\">\n\t\t\t\t\t\t\t\t\t\t\t\t<label for=\"form-field-email\" class=\"elementor-field-label elementor-screen-only\">\n\t\t\t\t\t\t\t\tAdresse e-mail\t\t\t\t\t\t\t<\/label>\n\t\t\t\t\t\t\t\t\t\t\t\t\t\t<input size=\"1\" type=\"email\" name=\"form_fields[email]\" id=\"form-field-email\" class=\"elementor-field elementor-size-xs  elementor-field-textual\" placeholder=\"Uw e-mailadres\" required=\"required\">\n\t\t\t\t\t\t\t\t\t\t\t<\/div>\n\t\t\t\t\t\t\t\t<div class=\"elementor-field-type-text elementor-field-group elementor-column elementor-field-group-tel elementor-col-100 elementor-field-required\">\n\t\t\t\t\t\t\t\t\t\t\t\t<label for=\"form-field-tel\" class=\"elementor-field-label elementor-screen-only\">\n\t\t\t\t\t\t\t\tTel\t\t\t\t\t\t\t<\/label>\n\t\t\t\t\t\t\t\t\t\t\t\t\t\t<input size=\"1\" type=\"text\" name=\"form_fields[tel]\" id=\"form-field-tel\" class=\"elementor-field elementor-size-xs  elementor-field-textual\" placeholder=\"Uw telefoonnummer\" required=\"required\">\n\t\t\t\t\t\t\t\t\t\t\t<\/div>\n\t\t\t\t\t\t\t\t<div class=\"elementor-field-type-textarea elementor-field-group elementor-column elementor-field-group-message elementor-col-100 elementor-field-required\">\n\t\t\t\t\t\t\t\t\t\t\t\t<label for=\"form-field-message\" class=\"elementor-field-label elementor-screen-only\">\n\t\t\t\t\t\t\t\tMessage\t\t\t\t\t\t\t<\/label>\n\t\t\t\t\t\t<textarea class=\"elementor-field-textual elementor-field  elementor-size-xs\" name=\"form_fields[message]\" id=\"form-field-message\" rows=\"5\" required=\"required\"><\/textarea>\t\t\t\t<\/div>\n\t\t\t\t\t\t\t\t<div class=\"elementor-field-group elementor-column elementor-field-type-submit elementor-col-100 e-form__buttons\">\n\t\t\t\t\t<button class=\"elementor-button elementor-size-sm\" type=\"submit\">\n\t\t\t\t\t\t<span class=\"elementor-button-content-wrapper\">\n\t\t\t\t\t\t\t\t\t\t\t\t\t\t\t\t\t\t\t\t\t\t<span class=\"elementor-button-text\">Verzend<\/span>\n\t\t\t\t\t\t\t\t\t\t\t\t\t<\/span>\n\t\t\t\t\t<\/button>\n\t\t\t\t<\/div>\n\t\t\t<\/div>\n\t\t<\/form>\n\t\t\t\t\t\t<\/div>\n\t\t\t\t<\/div>\n\t\t\t\t<section class=\"elementor-section elementor-inner-section elementor-element elementor-element-35e957b elementor-section-boxed elementor-section-height-default elementor-section-height-default\" data-id=\"35e957b\" data-element_type=\"section\" data-settings=\"{&quot;background_background&quot;:&quot;classic&quot;}\">\n\t\t\t\t\t\t<div class=\"elementor-container elementor-column-gap-default\">\n\t\t\t\t\t<div class=\"elementor-column elementor-col-33 elementor-inner-column elementor-element elementor-element-4783bde\" data-id=\"4783bde\" data-element_type=\"column\">\n\t\t\t<div class=\"elementor-widget-wrap elementor-element-populated\">\n\t\t\t\t\t\t<div class=\"elementor-element elementor-element-f31489e elementor-widget elementor-widget-hub_fancy_heading\" data-id=\"f31489e\" data-element_type=\"widget\" data-widget_type=\"hub_fancy_heading.default\">\n\t\t\t\t<div class=\"elementor-widget-container\">\n\t\t\t\t\t\n\t\t<div id=\"ld-fancy-heading-69f528635454a\" class=\"ld-fancy-heading pos-rel\">\n\t\t\t<h6 class=\"ld-fh-element d-inline-block pos-rel  elementor-heading-title lqd-highlight-classic lqd-highlight-grow-left h6\"  > Directe lijn<\/h6>\t\t<\/div>\n\n\t\t\t\t\t\t<\/div>\n\t\t\t\t<\/div>\n\t\t\t\t\t<\/div>\n\t\t<\/div>\n\t\t\t\t<div class=\"elementor-column elementor-col-33 elementor-inner-column elementor-element elementor-element-b93f425\" data-id=\"b93f425\" data-element_type=\"column\">\n\t\t\t<div class=\"elementor-widget-wrap elementor-element-populated\">\n\t\t\t\t\t\t<div class=\"elementor-element elementor-element-cc0a57c elementor-widget elementor-widget-hub_fancy_heading\" data-id=\"cc0a57c\" data-element_type=\"widget\" data-widget_type=\"hub_fancy_heading.default\">\n\t\t\t\t<div class=\"elementor-widget-container\">\n\t\t\t\t\t\n\t\t<div id=\"ld-fancy-heading-69f5286354943\" class=\"ld-fancy-heading pos-rel\">\n\t\t\t<h5 class=\"ld-fh-element d-inline-block pos-rel  elementor-heading-title lqd-highlight-classic lqd-highlight-grow-left h5\"  > +32 (0)2\/736 99 14<\/h5>\t\t<\/div>\n\n\t\t\t\t\t\t<\/div>\n\t\t\t\t<\/div>\n\t\t\t\t\t<\/div>\n\t\t<\/div>\n\t\t\t\t<div class=\"elementor-column elementor-col-33 elementor-inner-column elementor-element elementor-element-6c9b319\" data-id=\"6c9b319\" data-element_type=\"column\">\n\t\t\t<div class=\"elementor-widget-wrap elementor-element-populated\">\n\t\t\t\t\t\t<div class=\"elementor-element elementor-element-b4b5f1f elementor-view-default elementor-widget elementor-widget-icon\" data-id=\"b4b5f1f\" data-element_type=\"widget\" data-widget_type=\"icon.default\">\n\t\t\t\t<div class=\"elementor-widget-container\">\n\t\t\t\t\t\t\t<div class=\"elementor-icon-wrapper\">\n\t\t\t<a class=\"elementor-icon\" href=\"https:\/\/www.linkedin.com\/in\/beno\u00eet-timmerman-a83b5b16\/\" target=\"_blank\">\n\t\t\t<i aria-hidden=\"true\" class=\"fab fa-linkedin\"><\/i>\t\t\t<\/a>\n\t\t<\/div>\n\t\t\t\t\t\t<\/div>\n\t\t\t\t<\/div>\n\t\t\t\t\t<\/div>\n\t\t<\/div>\n\t\t\t\t\t<\/div>\n\t\t<\/section>\n\t\t\t\t\t<\/div>\n\t\t<\/div>\n\t\t\t\t\t<\/div>\n\t\t<\/section>\n\t\t\t\t<\/div>\n\t\t","protected":false},"excerpt":{"rendered":"<p>Beno\u00eet Timmerman Beno\u00eet wordt door zijn cli\u00ebnten geraadpleegd in domeinen zoals handelsrecht, woning-en handels huurovereenkomsten, omroerend recht, burgerlijke aansprakelijkheid, verzekeringen en verkeersrecht. Hij is vlot tweetalig en handelt procedures zowel in het nederlands als in het frans af. cursus Talen Expertise Vennoot bij Delacroix &amp; Partners sinds 1998 Lid van de Brusselse balie sinds 1986 [&hellip;]<\/p>\n","protected":false},"author":1,"featured_media":7345,"parent":7648,"menu_order":0,"comment_status":"closed","ping_status":"closed","template":"","meta":{"inline_featured_image":false,"footnotes":""},"class_list":["post-7678","page","type-page","status-publish","has-post-thumbnail","hentry"],"_links":{"self":[{"href":"https:\/\/www.delacroix.law\/nl\/wp-json\/wp\/v2\/pages\/7678","targetHints":{"allow":["GET"]}}],"collection":[{"href":"https:\/\/www.delacroix.law\/nl\/wp-json\/wp\/v2\/pages"}],"about":[{"href":"https:\/\/www.delacroix.law\/nl\/wp-json\/wp\/v2\/types\/page"}],"author":[{"embeddable":true,"href":"https:\/\/www.delacroix.law\/nl\/wp-json\/wp\/v2\/users\/1"}],"replies":[{"embeddable":true,"href":"https:\/\/www.delacroix.law\/nl\/wp-json\/wp\/v2\/comments?post=7678"}],"version-history":[{"count":29,"href":"https:\/\/www.delacroix.law\/nl\/wp-json\/wp\/v2\/pages\/7678\/revisions"}],"predecessor-version":[{"id":9298,"href":"https:\/\/www.delacroix.law\/nl\/wp-json\/wp\/v2\/pages\/7678\/revisions\/9298"}],"up":[{"embeddable":true,"href":"https:\/\/www.delacroix.law\/nl\/wp-json\/wp\/v2\/pages\/7648"}],"wp:featuredmedia":[{"embeddable":true,"href":"https:\/\/www.delacroix.law\/nl\/wp-json\/wp\/v2\/media\/7345"}],"wp:attachment":[{"href":"https:\/\/www.delacroix.law\/nl\/wp-json\/wp\/v2\/media?parent=7678"}],"curies":[{"name":"wp","href":"https:\/\/api.w.org\/{rel}","templated":true}]}}